{"id":1741,"date":"2023-10-03T22:43:28","date_gmt":"2023-10-03T20:43:28","guid":{"rendered":"https:\/\/tousarquitectes.com\/privacitat-i-proteccio-de-dades\/"},"modified":"2024-02-09T18:03:58","modified_gmt":"2024-02-09T17:03:58","slug":"privacitat-i-proteccio-de-dades","status":"publish","type":"page","link":"https:\/\/www.tousarquitectes.com\/ca\/privacitat-i-proteccio-de-dades\/","title":{"rendered":"Privacitat i Proteccio\u0301 de dades"},"content":{"rendered":"\t\t<div data-elementor-type=\"wp-page\" data-elementor-id=\"1741\" class=\"elementor elementor-1741 elementor-128\" data-elementor-post-type=\"page\">\n\t\t\t\t\t\t\t<div class=\"elementor-element elementor-element-5ccb3d3 e-con-full e-flex e-con e-parent\" data-id=\"5ccb3d3\" data-element_type=\"container\" data-settings=\"{&quot;content_width&quot;:&quot;full&quot;}\" data-core-v316-plus=\"true\">\n\t\t<div class=\"elementor-element elementor-element-042a20d e-con-full e-flex e-con e-child\" data-id=\"042a20d\" data-element_type=\"container\" data-settings=\"{&quot;content_width&quot;:&quot;full&quot;}\">\n\t\t\t\t<div class=\"elementor-element elementor-element-ba487d0 elementor-widget elementor-widget-text-editor\" data-id=\"ba487d0\" data-element_type=\"widget\" data-widget_type=\"text-editor.default\">\n\t\t\t\t<div class=\"elementor-widget-container\">\n\t\t\t<style>\/*! elementor - v3.16.0 - 20-09-2023 *\/\n.elementor-widget-text-editor.elementor-drop-cap-view-stacked .elementor-drop-cap{background-color:#69727d;color:#fff}.elementor-widget-text-editor.elementor-drop-cap-view-framed .elementor-drop-cap{color:#69727d;border:3px solid;background-color:transparent}.elementor-widget-text-editor:not(.elementor-drop-cap-view-default) .elementor-drop-cap{margin-top:8px}.elementor-widget-text-editor:not(.elementor-drop-cap-view-default) .elementor-drop-cap-letter{width:1em;height:1em}.elementor-widget-text-editor .elementor-drop-cap{float:left;text-align:center;line-height:1;font-size:50px}.elementor-widget-text-editor .elementor-drop-cap-letter{display:inline-block}<\/style>\t\t\t\t<h3>1. Qui \u00e9s el responsable del tractament de les seves dades?<\/h3>\n<p><b>Denominaci\u00f3 social:<\/b> TOUS ARQUITECTES SLP<br \/>\n<b>Nom\u00a0comercial:<\/b>\u00a0TOUS ARQUITECTES<br \/>\n<b>NIF:<\/b>\u00a0B43496033<br \/>\n<b>Adre\u00e7a postal:<\/b>\u00a0Rambla nova 2, baixos, 43004 Tarragona, Espanya.<br \/>\n<b>Tel\u00e8fon:<\/b>\u00a0+34 977228493<br \/>\n<b>Correu electr\u00f2nic:<\/b>\u00a0info@tousarquitectes.com<\/p>\n<h3>2. Amb quina finalitat tractem les seves dades personals?<\/h3>\n<p>A TOUS ARQUITECTES, propietari del lloc web, tractem la informaci\u00f3 que ens faciliten les persones interessades amb la finalitat de realitzar: gesti\u00f3 fiscal, contable i administrativa (clients), tramitar comandes o prestar els serveis sol\u00b7licitats (clients), intercomunicaci\u00f3 entre les parts per mitjans electr\u00f2nics (WhatsApp, etc), gesti\u00f3 i contacte amb els usuaris que es registren volunt\u00e0riament en la p\u00e0gina web per a oferir-los els nostres productes o serveis, aix\u00ed com l&#8217;enviament de la nostra Newsletter i comunicacions comercials sobre els nostres productes o serveis.<\/p>\n<h3>3. Per quant de temps conservarem les seves dades?<\/h3>\n<p>Les dades es conservaran mentre vost\u00e9 no ens sol\u00b7liciti la seva supressi\u00f3 i en qualsevol cas durant els anys necessaris per complir amb les obligacions legals.\u00a0Les dades es conservaran mentre es mantingui la relaci\u00f3 de servei i en qualsevol cas durant el pla\u00e7 necess\u00e0ri per cumplir amb obligacions legals (clients) i mentre no ho sol\u00b7liciti l&#8217;interessat (potencials clients i usuaris de contacte i newsletter).<\/p>\n<h3>4. Quina \u00e9s la legitimaci\u00f3 per al tractament de les seves dades?<\/h3>\n<p>Les bases legals que legitimen el tractament de les seves dades per part nostra s\u00f3n:<\/p>\n<ul>\n<li><u>Consentiment de l&#8217;interessat<\/u>: Atendre les seves consultes, enviament de comunicacions comercials, i rebre la nostra Newsletter.<\/li>\n<li><u>Execuci\u00f3 d&#8217;un contracte<\/u>: Prestaci\u00f3 de serveis sol\u00b7licitats o compravenda de productes.<\/li>\n<li><u>Execuci\u00f3 de mesures precontractuals a petici\u00f3 de l&#8217;interessat<\/u>: Atendre les sol\u00b7licituds rebudes.<\/li>\n<li><u>Inter\u00e8s leg\u00edtim del responsable<\/u>: Enviament de comunicacions comercials (clients).<\/li>\n<\/ul>\n<h3>5. A quins destinataris es comunicaran les seves dades?<\/h3>\n<p>Persones o entitats directament relacionades amb el responsable (assessoria fiscal i comptable, bancs, prove\u00efdors de serveis amb el degut contracte de prestaci\u00f3 que prescriu l&#8217;article 28 RGPDUE), i instancies amb obligaci\u00f3 legal. No estan previstes cessions de dades dels &#8220;Potencials clients&#8221;, usuaris web.<\/p>\n<h3>6. Transfer\u00e8ncies de dades a tercers pa\u00efssos?<\/h3>\n<p>No estan previstes transfer\u00e8ncies de dades a tercers pa\u00efsos (fora de l&#8217;espai comunitari).<\/p>\n<h3>7. Quins s\u00f3n els seus drets quan ens facilita les seves dades?<\/h3>\n<p>Qualsevol persona t\u00e9 dret a obtenir confirmaci\u00f3 sobre si a TOUS ARQUITECTES estem tractant dades personals que els concerneixin, o no.<\/p>\n<p>Les persones interessades tenen dret a accedir a les seves dades personals, aix\u00ed com a sol\u00b7licitar la rectificaci\u00f3 de les dades inexactes o, si escau, sol\u00b7licitar la seva supressi\u00f3 quan, entre altres motius, les dades ja no siguin necessaris per a les finalitats que van ser recollits.<\/p>\n<p>En determinades circumst\u00e0ncies, els interessats podran sol\u00b7licitar la limitaci\u00f3 del tractament de les seves dades, en aquest cas \u00fanicament les conservarem per a l&#8217;exercici o la defensa de reclamacions.<\/p>\n<p>En determinades circumst\u00e0ncies i per motius relacionats amb la seva situaci\u00f3 particular, els interessats podran oposar-se al tractament de les seves dades. En aquest cas, TOUS ARQUITECTES deixar\u00e0 de tractar les dades, salvo per motius leg\u00edtims imperiosos, o l&#8217;exercici o la defensa de possibles reclamacions.<\/p>\n<p>Podr\u00e0 exercitar materialment els seus drets de la seg\u00fcent forma: T\u00e9 dret a accedir, rectificar i suprimir les dades, aix\u00ed com la portabilitat de les seves dades, que pot exercir en l&#8217;adre\u00e7a del propietari de la web.<\/p>\n<p>Si ha atorgat el seu consentiment per a alguna finalitat concreta, t\u00e9 dret a retirar el consentiment atorgat en qualsevol moment, sense que aix\u00f2 afecti a la licitud del tractament basat en el consentiment previ a la seva retirada.<\/p>\n<p>En cas que senti vulnerats els seus drets pel que concerneix la protecci\u00f3 de les seves dades personals, especialment quan no hagi obtingut satisfacci\u00f3 en l&#8217;exercici dels seus drets, pot presentar una reclamaci\u00f3 davant l&#8217;Autoritat de Control en mat\u00e8ria de Protecci\u00f3 de Dades competent a trav\u00e9s del seu lloc web: www.agpd.es.<\/p>\n<h3>8. Com hem obtingut les seves dades?<\/h3>\n<p>Les dades personals que tractem a TOUS ARQUITECTES procedeixen del propi interessat.<\/p>\n<h3>9. Categories de dades<\/h3>\n<p>Les categor\u00edes de dades que es tracten son:<\/p>\n<p><b>Dades identificatives:<\/b><\/p>\n<p>Nom i cognoms.<br \/>\nDirecci\u00f3 postal.<br \/>\nDNI\/NIF\/CIF.<br \/>\nTel\u00e8fons.<br \/>\nDirecci\u00f3 de correo electr\u00f2nic.<br \/>\nFirma.<\/p>\n<p><b>Dades bancaries:<\/b><\/p>\n<p>Totes les necess\u00e0ries per a la gesti\u00f3 i\/o domiciliaci\u00f3 de cobraments i pagaments, com el n\u00famero de compte bancari, mitjans de pagament electr\u00f2nics i\/o virtuals i altres mitjans de pagament.<\/p>\n<p><b>Categories de dades especials:<\/b><\/p>\n<p>No es tracten categories especials de dades personals (es a dir, aquelles dades que revelin l&#8217;origen \u00e8tnic o racial, les opinions pol\u00edtiques, les conviccions religioses o filos\u00f2fiques, o l&#8217;afiliaci\u00f3 sindical, dades gen\u00e8tiques, dades biom\u00e8triques dirigides a identificar de manera un\u00edvoca a una persona f\u00edsica, dades relatives a la salut o dades relatives a la vida sexual o l&#8217;orientaci\u00f3 sexual d&#8217;una persona f\u00edsica).<\/p>\n<p><b>Altres tipus de dades:<\/b><\/p>\n<p>No es tracten altres tipus de dades.<br \/>\nNo es tracten dades especialment protegides.<\/p>\n<h3>10. Pol\u00edtica de cookies<\/h3>\n<p>Pot consultar la nostra pol\u00edtica de cookies mitjan\u00e7ant el seg\u00fcent enlla\u00e7:\u00a0<a href=\"https:\/\/www.tousarquitectes.com\/ca\/cookies\/\">Pol\u00edtica de Cookies<\/a>.<\/p>\n\t\t\t\t\t\t<\/div>\n\t\t\t\t<\/div>\n\t\t\t\t<\/div>\n\t\t\t\t<\/div>\n\t\t\t\t\t\t\t<\/div>\n\t\t","protected":false},"excerpt":{"rendered":"<p>1. Qui \u00e9s el responsable del tractament de les seves dades? Denominaci\u00f3 social: TOUS ARQUITECTES SLP Nom\u00a0comercial:\u00a0TOUS ARQUITECTES NIF:\u00a0B43496033 Adre\u00e7a postal:\u00a0Rambla nova 2, baixos, 43004 Tarragona, Espanya. Tel\u00e8fon:\u00a0+34 977228493 Correu electr\u00f2nic:\u00a0info@tousarquitectes.com 2. Amb quina finalitat tractem les seves dades personals? A TOUS ARQUITECTES, propietari del lloc web, tractem la informaci\u00f3 que ens faciliten les persones [&hellip;]<\/p>\n","protected":false},"author":2,"featured_media":0,"parent":0,"menu_order":0,"comment_status":"closed","ping_status":"closed","template":"","meta":{"_monsterinsights_skip_tracking":false,"_monsterinsights_sitenote_active":false,"_monsterinsights_sitenote_note":"","_monsterinsights_sitenote_category":0,"footnotes":""},"class_list":["post-1741","page","type-page","status-publish","hentry"],"yoast_head":"<!-- This site is optimized with the Yoast SEO plugin v21.2 - https:\/\/yoast.com\/wordpress\/plugins\/seo\/ -->\n<title>Privacitat i Proteccio\u0301 de dades - Tous arquitectes<\/title>\n<meta name=\"description\" content=\"Privacitat i Proteccio\u0301 de dades\" \/>\n<meta name=\"robots\" content=\"index, follow, max-snippet:-1, max-image-preview:large, max-video-preview:-1\" \/>\n<link rel=\"canonical\" href=\"https:\/\/www.tousarquitectes.com\/ca\/privacitat-i-proteccio-de-dades\/\" \/>\n<meta property=\"og:locale\" content=\"ca_ES\" \/>\n<meta property=\"og:type\" content=\"article\" \/>\n<meta property=\"og:title\" content=\"Privacitat i Proteccio\u0301 de dades - Tous arquitectes\" \/>\n<meta property=\"og:description\" content=\"Privacitat i Proteccio\u0301 de dades\" \/>\n<meta property=\"og:url\" content=\"https:\/\/www.tousarquitectes.com\/ca\/privacitat-i-proteccio-de-dades\/\" \/>\n<meta property=\"og:site_name\" content=\"Tous arquitectes\" \/>\n<meta property=\"article:publisher\" content=\"https:\/\/es-es.facebook.com\/tousarquitectes\/\" \/>\n<meta property=\"article:modified_time\" content=\"2024-02-09T17:03:58+00:00\" \/>\n<meta name=\"twitter:card\" content=\"summary_large_image\" \/>\n<meta name=\"twitter:label1\" content=\"Temps estimat de lectura\" \/>\n\t<meta name=\"twitter:data1\" content=\"5 minuts\" \/>\n<script type=\"application\/ld+json\" class=\"yoast-schema-graph\">{\"@context\":\"https:\/\/schema.org\",\"@graph\":[{\"@type\":\"WebPage\",\"@id\":\"https:\/\/www.tousarquitectes.com\/ca\/privacitat-i-proteccio-de-dades\/\",\"url\":\"https:\/\/www.tousarquitectes.com\/ca\/privacitat-i-proteccio-de-dades\/\",\"name\":\"Privacitat i Proteccio\u0301 de dades - Tous arquitectes\",\"isPartOf\":{\"@id\":\"https:\/\/www.tousarquitectes.com\/ca\/#website\"},\"datePublished\":\"2023-10-03T20:43:28+00:00\",\"dateModified\":\"2024-02-09T17:03:58+00:00\",\"description\":\"Privacitat i Proteccio\u0301 de dades\",\"breadcrumb\":{\"@id\":\"https:\/\/www.tousarquitectes.com\/ca\/privacitat-i-proteccio-de-dades\/#breadcrumb\"},\"inLanguage\":\"ca\",\"potentialAction\":[{\"@type\":\"ReadAction\",\"target\":[\"https:\/\/www.tousarquitectes.com\/ca\/privacitat-i-proteccio-de-dades\/\"]}]},{\"@type\":\"BreadcrumbList\",\"@id\":\"https:\/\/www.tousarquitectes.com\/ca\/privacitat-i-proteccio-de-dades\/#breadcrumb\",\"itemListElement\":[{\"@type\":\"ListItem\",\"position\":1,\"name\":\"Inici\",\"item\":\"https:\/\/www.tousarquitectes.com\/ca\/\"},{\"@type\":\"ListItem\",\"position\":2,\"name\":\"Privacitat i Proteccio\u0301 de dades\"}]},{\"@type\":\"WebSite\",\"@id\":\"https:\/\/www.tousarquitectes.com\/ca\/#website\",\"url\":\"https:\/\/www.tousarquitectes.com\/ca\/\",\"name\":\"Tous arquitectes\",\"description\":\"Estudio de arquitectura, urbanismo y gesti\u00f3n de proyectos en Tarragona.\",\"publisher\":{\"@id\":\"https:\/\/www.tousarquitectes.com\/ca\/#organization\"},\"potentialAction\":[{\"@type\":\"SearchAction\",\"target\":{\"@type\":\"EntryPoint\",\"urlTemplate\":\"https:\/\/www.tousarquitectes.com\/ca\/?s={search_term_string}\"},\"query-input\":\"required name=search_term_string\"}],\"inLanguage\":\"ca\"},{\"@type\":\"Organization\",\"@id\":\"https:\/\/www.tousarquitectes.com\/ca\/#organization\",\"name\":\"Tous arquitectes\",\"url\":\"https:\/\/www.tousarquitectes.com\/ca\/\",\"logo\":{\"@type\":\"ImageObject\",\"inLanguage\":\"ca\",\"@id\":\"https:\/\/www.tousarquitectes.com\/ca\/#\/schema\/logo\/image\/\",\"url\":\"https:\/\/www.tousarquitectes.com\/wp-content\/uploads\/2023\/10\/tous_arquitectes_2.png\",\"contentUrl\":\"https:\/\/www.tousarquitectes.com\/wp-content\/uploads\/2023\/10\/tous_arquitectes_2.png\",\"width\":840,\"height\":130,\"caption\":\"Tous arquitectes\"},\"image\":{\"@id\":\"https:\/\/www.tousarquitectes.com\/ca\/#\/schema\/logo\/image\/\"},\"sameAs\":[\"https:\/\/es-es.facebook.com\/tousarquitectes\/\",\"https:\/\/www.instagram.com\/tous_arquitectes\/\",\"https:\/\/es.linkedin.com\/in\/joan-tous-gom-camps-a5703a45\"]}]}<\/script>\n<!-- \/ Yoast SEO plugin. -->","yoast_head_json":{"title":"Privacitat i Proteccio\u0301 de dades - Tous arquitectes","description":"Privacitat i Proteccio\u0301 de dades","robots":{"index":"index","follow":"follow","max-snippet":"max-snippet:-1","max-image-preview":"max-image-preview:large","max-video-preview":"max-video-preview:-1"},"canonical":"https:\/\/www.tousarquitectes.com\/ca\/privacitat-i-proteccio-de-dades\/","og_locale":"ca_ES","og_type":"article","og_title":"Privacitat i Proteccio\u0301 de dades - Tous arquitectes","og_description":"Privacitat i Proteccio\u0301 de dades","og_url":"https:\/\/www.tousarquitectes.com\/ca\/privacitat-i-proteccio-de-dades\/","og_site_name":"Tous arquitectes","article_publisher":"https:\/\/es-es.facebook.com\/tousarquitectes\/","article_modified_time":"2024-02-09T17:03:58+00:00","twitter_card":"summary_large_image","twitter_misc":{"Temps estimat de lectura":"5 minuts"},"schema":{"@context":"https:\/\/schema.org","@graph":[{"@type":"WebPage","@id":"https:\/\/www.tousarquitectes.com\/ca\/privacitat-i-proteccio-de-dades\/","url":"https:\/\/www.tousarquitectes.com\/ca\/privacitat-i-proteccio-de-dades\/","name":"Privacitat i Proteccio\u0301 de dades - Tous arquitectes","isPartOf":{"@id":"https:\/\/www.tousarquitectes.com\/ca\/#website"},"datePublished":"2023-10-03T20:43:28+00:00","dateModified":"2024-02-09T17:03:58+00:00","description":"Privacitat i Proteccio\u0301 de dades","breadcrumb":{"@id":"https:\/\/www.tousarquitectes.com\/ca\/privacitat-i-proteccio-de-dades\/#breadcrumb"},"inLanguage":"ca","potentialAction":[{"@type":"ReadAction","target":["https:\/\/www.tousarquitectes.com\/ca\/privacitat-i-proteccio-de-dades\/"]}]},{"@type":"BreadcrumbList","@id":"https:\/\/www.tousarquitectes.com\/ca\/privacitat-i-proteccio-de-dades\/#breadcrumb","itemListElement":[{"@type":"ListItem","position":1,"name":"Inici","item":"https:\/\/www.tousarquitectes.com\/ca\/"},{"@type":"ListItem","position":2,"name":"Privacitat i Proteccio\u0301 de dades"}]},{"@type":"WebSite","@id":"https:\/\/www.tousarquitectes.com\/ca\/#website","url":"https:\/\/www.tousarquitectes.com\/ca\/","name":"Tous arquitectes","description":"Estudio de arquitectura, urbanismo y gesti\u00f3n de proyectos en Tarragona.","publisher":{"@id":"https:\/\/www.tousarquitectes.com\/ca\/#organization"},"potentialAction":[{"@type":"SearchAction","target":{"@type":"EntryPoint","urlTemplate":"https:\/\/www.tousarquitectes.com\/ca\/?s={search_term_string}"},"query-input":"required name=search_term_string"}],"inLanguage":"ca"},{"@type":"Organization","@id":"https:\/\/www.tousarquitectes.com\/ca\/#organization","name":"Tous arquitectes","url":"https:\/\/www.tousarquitectes.com\/ca\/","logo":{"@type":"ImageObject","inLanguage":"ca","@id":"https:\/\/www.tousarquitectes.com\/ca\/#\/schema\/logo\/image\/","url":"https:\/\/www.tousarquitectes.com\/wp-content\/uploads\/2023\/10\/tous_arquitectes_2.png","contentUrl":"https:\/\/www.tousarquitectes.com\/wp-content\/uploads\/2023\/10\/tous_arquitectes_2.png","width":840,"height":130,"caption":"Tous arquitectes"},"image":{"@id":"https:\/\/www.tousarquitectes.com\/ca\/#\/schema\/logo\/image\/"},"sameAs":["https:\/\/es-es.facebook.com\/tousarquitectes\/","https:\/\/www.instagram.com\/tous_arquitectes\/","https:\/\/es.linkedin.com\/in\/joan-tous-gom-camps-a5703a45"]}]}},"_links":{"self":[{"href":"https:\/\/www.tousarquitectes.com\/ca\/wp-json\/wp\/v2\/pages\/1741","targetHints":{"allow":["GET"]}}],"collection":[{"href":"https:\/\/www.tousarquitectes.com\/ca\/wp-json\/wp\/v2\/pages"}],"about":[{"href":"https:\/\/www.tousarquitectes.com\/ca\/wp-json\/wp\/v2\/types\/page"}],"author":[{"embeddable":true,"href":"https:\/\/www.tousarquitectes.com\/ca\/wp-json\/wp\/v2\/users\/2"}],"replies":[{"embeddable":true,"href":"https:\/\/www.tousarquitectes.com\/ca\/wp-json\/wp\/v2\/comments?post=1741"}],"version-history":[{"count":20,"href":"https:\/\/www.tousarquitectes.com\/ca\/wp-json\/wp\/v2\/pages\/1741\/revisions"}],"predecessor-version":[{"id":1912,"href":"https:\/\/www.tousarquitectes.com\/ca\/wp-json\/wp\/v2\/pages\/1741\/revisions\/1912"}],"wp:attachment":[{"href":"https:\/\/www.tousarquitectes.com\/ca\/wp-json\/wp\/v2\/media?parent=1741"}],"curies":[{"name":"wp","href":"https:\/\/api.w.org\/{rel}","templated":true}]}}