{"id":1735,"date":"2023-10-03T22:52:09","date_gmt":"2023-10-03T20:52:09","guid":{"rendered":"https:\/\/tousarquitectes.com\/cookies\/"},"modified":"2023-11-06T10:06:25","modified_gmt":"2023-11-06T09:06:25","slug":"cookies","status":"publish","type":"page","link":"https:\/\/www.tousarquitectes.com\/ca\/cookies\/","title":{"rendered":"Cookies"},"content":{"rendered":"\t\t<div data-elementor-type=\"wp-page\" data-elementor-id=\"1735\" class=\"elementor elementor-1735 elementor-142\" data-elementor-post-type=\"page\">\n\t\t\t\t\t\t\t<div class=\"elementor-element elementor-element-10445bf e-con-full e-flex e-con e-parent\" data-id=\"10445bf\" data-element_type=\"container\" data-settings=\"{&quot;content_width&quot;:&quot;full&quot;}\" data-core-v316-plus=\"true\">\n\t\t<div class=\"elementor-element elementor-element-da55874 e-con-full e-flex e-con e-child\" data-id=\"da55874\" data-element_type=\"container\" data-settings=\"{&quot;content_width&quot;:&quot;full&quot;}\">\n\t\t\t\t<div class=\"elementor-element elementor-element-11e612d elementor-widget elementor-widget-text-editor\" data-id=\"11e612d\" data-element_type=\"widget\" data-widget_type=\"text-editor.default\">\n\t\t\t\t<div class=\"elementor-widget-container\">\n\t\t\t<style>\/*! elementor - v3.16.0 - 20-09-2023 *\/\n.elementor-widget-text-editor.elementor-drop-cap-view-stacked .elementor-drop-cap{background-color:#69727d;color:#fff}.elementor-widget-text-editor.elementor-drop-cap-view-framed .elementor-drop-cap{color:#69727d;border:3px solid;background-color:transparent}.elementor-widget-text-editor:not(.elementor-drop-cap-view-default) .elementor-drop-cap{margin-top:8px}.elementor-widget-text-editor:not(.elementor-drop-cap-view-default) .elementor-drop-cap-letter{width:1em;height:1em}.elementor-widget-text-editor .elementor-drop-cap{float:left;text-align:center;line-height:1;font-size:50px}.elementor-widget-text-editor .elementor-drop-cap-letter{display:inline-block}<\/style>\t\t\t\t<p>A causa de l&#8217;entrada en vigor de la modificaci\u00f3 de la &#8220;Llei de Serveis de la Societat de la Informaci\u00f3&#8221; (LSSICE) establerta pel Reial Decret 13\/2012, \u00e9s d&#8217;obligaci\u00f3 obtenir el consentiment expr\u00e9s de l&#8217;usuari de totes les p\u00e0gines web que utilitzen\u00a0<em>cookies<\/em>\u00a0abans que aquest navegui per elles.<\/p>\n<h3>1. Qu\u00e8 s\u00f3n les\u00a0<em>cookies<\/em>?<\/h3>\n<p>Les\u00a0<em>cookies<\/em>\u00a0i altres tecnologies similars tals com a\u00a0<em>local shared objects, flash cookies o p\u00edxels<\/em>, s\u00f3n eines emprades pels servidors web per emmagatzemar i recuperar informaci\u00f3 sobre els seus visitants, aix\u00ed com per oferir un correcte funcionament del lloc.<\/p>\n<p>Mitjan\u00e7ant l&#8217;\u00fas d&#8217;aquests dispositius es permet al servidor web recordar algunes dades concernents a l&#8217;usuari, com les seves prefer\u00e8ncies per a la visualitzaci\u00f3 de les p\u00e0gines d&#8217;aquest servidor, productes que m\u00e9s li interessen, etc.<\/p>\n<h3>2. <em>Cookies<\/em>\u00a0afectades per la normativa i\u00a0<em>cookies<\/em>\u00a0exceptuades<\/h3>\n<p>Segons la directiva de la UE, les\u00a0<em>cookies<\/em>\u00a0que requereixen el consentiment informat per part de l&#8217;usuari s\u00f3n les\u00a0<em>cookies<\/em>\u00a0anal\u00edtiques i les de publicitat i afiliaci\u00f3, quedant exceptuades les de car\u00e0cter t\u00e8cnic i aquelles necess\u00e0ries per a la prestaci\u00f3 d&#8217;un servei expressament demanat per l&#8217;usuari.<\/p>\n<h3>3. Quins tipus de\u00a0<em>cookies<\/em>\u00a0hi han?<\/h3>\n<p>Les\u00a0<em>cookies<\/em>\u00a0es poden agrupar en cinc grans grups:<\/p>\n<ul>\n<li><em>Cookies<\/em>\u00a0anal\u00edtiques: recullen informaci\u00f3 de l&#8217;\u00fas que es realitza del lloc web.<\/li>\n<li><em>Cookies<\/em>\u00a0socials: s\u00f3n aquelles necess\u00e0ries per a xarxes socials externes.<\/li>\n<li><em>Cookies<\/em>\u00a0d&#8217;afiliats: permeten fer un seguiment de les visites procedents d&#8217;altres webs, amb les que el lloc web estableix un contracte d&#8217;afiliaci\u00f3 (empreses d&#8217;afiliaci\u00f3).<\/li>\n<li><em>Cookies<\/em>\u00a0de publicitat i comportamentals: recullen informaci\u00f3 sobre les prefer\u00e8ncies i eleccions personals de l&#8217;usuari (retargeting).<\/li>\n<li><em>Cookies<\/em>\u00a0t\u00e8cniques i funcionals: s\u00f3n les estrictament necess\u00e0ries per a l&#8217;\u00fas del lloc web i per a la prestaci\u00f3 del servei contractat.<\/li>\n<\/ul>\n<h3>4. <em>Cookies<\/em>\u00a0que utilitza el nostre lloc web<\/h3>\n<p>El nostre lloc web utilitza\u00a0<em>cookies<\/em>\u00a0dels diferents tipus esmentats a l&#8217;apartat anterior.<\/p>\n<h3>5. Administraci\u00f3 de <em>cookies<\/em><\/h3>\n<p>Pots permetre, bloquejar o eliminar les cookies instal\u00b7lades al teu ordinador mitjan\u00e7ant la configuraci\u00f3 de les opcions del teu navegador.<\/p>\n<ul>\n<li>Per a m\u00e9s informaci\u00f3 sobre el navegador\u00a0<em>Firefox<\/em>\u00a0visita el seg\u00fcent enlla\u00e7:<br \/>\n<a href=\"https:\/\/support.mozilla.org\/\" target=\"_blank\" rel=\"noreferrer noopener\">https:\/\/support.mozilla.org\/<\/a><\/li>\n<li>Per a m\u00e9s informaci\u00f3 sobre el navegador\u00a0<em>Chrome<\/em>\u00a0visita el seg\u00fcent enlla\u00e7:<br \/>\n<a href=\"https:\/\/support.google.com\/\" target=\"_blank\" rel=\"noreferrer noopener\">https:\/\/support.google.com\/<\/a><\/li>\n<li>Per a m\u00e9s informaci\u00f3 sobre el navegador\u00a0<em>Explorer<\/em>\u00a0visita el seg\u00fcent enlla\u00e7:<br \/>\n<a href=\"https:\/\/support.microsoft.com\/\" target=\"_blank\" rel=\"noreferrer noopener\">https:\/\/support.microsoft.com\/<\/a><\/li>\n<li>Per a m\u00e9s informaci\u00f3 sobre el navegador\u00a0<em>Safari<\/em>\u00a0visita el seg\u00fcent enlla\u00e7:<br \/>\n<a href=\"https:\/\/support.apple.com\/\" target=\"_blank\" rel=\"noreferrer noopener\">https:\/\/support.apple.com\/<\/a><\/li>\n<li>Per a m\u00e9s informaci\u00f3 sobre el navegador\u00a0<em>Opera<\/em>\u00a0visita el seg\u00fcent enlla\u00e7:<br \/>\n<a href=\"https:\/\/help.opera.com\/\" target=\"_blank\" rel=\"noreferrer noopener\">https:\/\/help.opera.com\/<\/a><\/li>\n<\/ul>\n\t\t\t\t\t\t<\/div>\n\t\t\t\t<\/div>\n\t\t\t\t<\/div>\n\t\t\t\t<\/div>\n\t\t\t\t\t\t\t<\/div>\n\t\t","protected":false},"excerpt":{"rendered":"<p>A causa de l&#8217;entrada en vigor de la modificaci\u00f3 de la &#8220;Llei de Serveis de la Societat de la Informaci\u00f3&#8221; (LSSICE) establerta pel Reial Decret 13\/2012, \u00e9s d&#8217;obligaci\u00f3 obtenir el consentiment expr\u00e9s de l&#8217;usuari de totes les p\u00e0gines web que utilitzen\u00a0cookies\u00a0abans que aquest navegui per elles. 1. Qu\u00e8 s\u00f3n les\u00a0cookies? Les\u00a0cookies\u00a0i altres tecnologies similars tals [&hellip;]<\/p>\n","protected":false},"author":2,"featured_media":0,"parent":0,"menu_order":0,"comment_status":"closed","ping_status":"closed","template":"","meta":{"_monsterinsights_skip_tracking":false,"_monsterinsights_sitenote_active":false,"_monsterinsights_sitenote_note":"","_monsterinsights_sitenote_category":0,"footnotes":""},"class_list":["post-1735","page","type-page","status-publish","hentry"],"yoast_head":"<!-- This site is optimized with the Yoast SEO plugin v21.2 - https:\/\/yoast.com\/wordpress\/plugins\/seo\/ -->\n<title>Cookies - Tous arquitectes<\/title>\n<meta name=\"description\" content=\"Pol\u00edtica de cookies\" \/>\n<meta name=\"robots\" content=\"index, follow, max-snippet:-1, max-image-preview:large, max-video-preview:-1\" \/>\n<link rel=\"canonical\" href=\"https:\/\/www.tousarquitectes.com\/ca\/cookies\/\" \/>\n<meta property=\"og:locale\" content=\"ca_ES\" \/>\n<meta property=\"og:type\" content=\"article\" \/>\n<meta property=\"og:title\" content=\"Cookies - Tous arquitectes\" \/>\n<meta property=\"og:description\" content=\"Pol\u00edtica de cookies\" \/>\n<meta property=\"og:url\" content=\"https:\/\/www.tousarquitectes.com\/ca\/cookies\/\" \/>\n<meta property=\"og:site_name\" content=\"Tous arquitectes\" \/>\n<meta property=\"article:publisher\" content=\"https:\/\/es-es.facebook.com\/tousarquitectes\/\" \/>\n<meta property=\"article:modified_time\" content=\"2023-11-06T09:06:25+00:00\" \/>\n<meta name=\"twitter:card\" content=\"summary_large_image\" \/>\n<meta name=\"twitter:label1\" content=\"Temps estimat de lectura\" \/>\n\t<meta name=\"twitter:data1\" content=\"2 minuts\" \/>\n<script type=\"application\/ld+json\" class=\"yoast-schema-graph\">{\"@context\":\"https:\/\/schema.org\",\"@graph\":[{\"@type\":\"WebPage\",\"@id\":\"https:\/\/www.tousarquitectes.com\/ca\/cookies\/\",\"url\":\"https:\/\/www.tousarquitectes.com\/ca\/cookies\/\",\"name\":\"Cookies - Tous arquitectes\",\"isPartOf\":{\"@id\":\"https:\/\/www.tousarquitectes.com\/ca\/#website\"},\"datePublished\":\"2023-10-03T20:52:09+00:00\",\"dateModified\":\"2023-11-06T09:06:25+00:00\",\"description\":\"Pol\u00edtica de cookies\",\"breadcrumb\":{\"@id\":\"https:\/\/www.tousarquitectes.com\/ca\/cookies\/#breadcrumb\"},\"inLanguage\":\"ca\",\"potentialAction\":[{\"@type\":\"ReadAction\",\"target\":[\"https:\/\/www.tousarquitectes.com\/ca\/cookies\/\"]}]},{\"@type\":\"BreadcrumbList\",\"@id\":\"https:\/\/www.tousarquitectes.com\/ca\/cookies\/#breadcrumb\",\"itemListElement\":[{\"@type\":\"ListItem\",\"position\":1,\"name\":\"Inici\",\"item\":\"https:\/\/www.tousarquitectes.com\/ca\/\"},{\"@type\":\"ListItem\",\"position\":2,\"name\":\"Cookies\"}]},{\"@type\":\"WebSite\",\"@id\":\"https:\/\/www.tousarquitectes.com\/ca\/#website\",\"url\":\"https:\/\/www.tousarquitectes.com\/ca\/\",\"name\":\"Tous arquitectes\",\"description\":\"Estudio de arquitectura, urbanismo y gesti\u00f3n de proyectos en Tarragona.\",\"publisher\":{\"@id\":\"https:\/\/www.tousarquitectes.com\/ca\/#organization\"},\"potentialAction\":[{\"@type\":\"SearchAction\",\"target\":{\"@type\":\"EntryPoint\",\"urlTemplate\":\"https:\/\/www.tousarquitectes.com\/ca\/?s={search_term_string}\"},\"query-input\":\"required name=search_term_string\"}],\"inLanguage\":\"ca\"},{\"@type\":\"Organization\",\"@id\":\"https:\/\/www.tousarquitectes.com\/ca\/#organization\",\"name\":\"Tous arquitectes\",\"url\":\"https:\/\/www.tousarquitectes.com\/ca\/\",\"logo\":{\"@type\":\"ImageObject\",\"inLanguage\":\"ca\",\"@id\":\"https:\/\/www.tousarquitectes.com\/ca\/#\/schema\/logo\/image\/\",\"url\":\"https:\/\/www.tousarquitectes.com\/wp-content\/uploads\/2023\/10\/tous_arquitectes_2.png\",\"contentUrl\":\"https:\/\/www.tousarquitectes.com\/wp-content\/uploads\/2023\/10\/tous_arquitectes_2.png\",\"width\":840,\"height\":130,\"caption\":\"Tous arquitectes\"},\"image\":{\"@id\":\"https:\/\/www.tousarquitectes.com\/ca\/#\/schema\/logo\/image\/\"},\"sameAs\":[\"https:\/\/es-es.facebook.com\/tousarquitectes\/\",\"https:\/\/www.instagram.com\/tous_arquitectes\/\",\"https:\/\/es.linkedin.com\/in\/joan-tous-gom-camps-a5703a45\"]}]}<\/script>\n<!-- \/ Yoast SEO plugin. -->","yoast_head_json":{"title":"Cookies - Tous arquitectes","description":"Pol\u00edtica de cookies","robots":{"index":"index","follow":"follow","max-snippet":"max-snippet:-1","max-image-preview":"max-image-preview:large","max-video-preview":"max-video-preview:-1"},"canonical":"https:\/\/www.tousarquitectes.com\/ca\/cookies\/","og_locale":"ca_ES","og_type":"article","og_title":"Cookies - Tous arquitectes","og_description":"Pol\u00edtica de cookies","og_url":"https:\/\/www.tousarquitectes.com\/ca\/cookies\/","og_site_name":"Tous arquitectes","article_publisher":"https:\/\/es-es.facebook.com\/tousarquitectes\/","article_modified_time":"2023-11-06T09:06:25+00:00","twitter_card":"summary_large_image","twitter_misc":{"Temps estimat de lectura":"2 minuts"},"schema":{"@context":"https:\/\/schema.org","@graph":[{"@type":"WebPage","@id":"https:\/\/www.tousarquitectes.com\/ca\/cookies\/","url":"https:\/\/www.tousarquitectes.com\/ca\/cookies\/","name":"Cookies - Tous arquitectes","isPartOf":{"@id":"https:\/\/www.tousarquitectes.com\/ca\/#website"},"datePublished":"2023-10-03T20:52:09+00:00","dateModified":"2023-11-06T09:06:25+00:00","description":"Pol\u00edtica de cookies","breadcrumb":{"@id":"https:\/\/www.tousarquitectes.com\/ca\/cookies\/#breadcrumb"},"inLanguage":"ca","potentialAction":[{"@type":"ReadAction","target":["https:\/\/www.tousarquitectes.com\/ca\/cookies\/"]}]},{"@type":"BreadcrumbList","@id":"https:\/\/www.tousarquitectes.com\/ca\/cookies\/#breadcrumb","itemListElement":[{"@type":"ListItem","position":1,"name":"Inici","item":"https:\/\/www.tousarquitectes.com\/ca\/"},{"@type":"ListItem","position":2,"name":"Cookies"}]},{"@type":"WebSite","@id":"https:\/\/www.tousarquitectes.com\/ca\/#website","url":"https:\/\/www.tousarquitectes.com\/ca\/","name":"Tous arquitectes","description":"Estudio de arquitectura, urbanismo y gesti\u00f3n de proyectos en Tarragona.","publisher":{"@id":"https:\/\/www.tousarquitectes.com\/ca\/#organization"},"potentialAction":[{"@type":"SearchAction","target":{"@type":"EntryPoint","urlTemplate":"https:\/\/www.tousarquitectes.com\/ca\/?s={search_term_string}"},"query-input":"required name=search_term_string"}],"inLanguage":"ca"},{"@type":"Organization","@id":"https:\/\/www.tousarquitectes.com\/ca\/#organization","name":"Tous arquitectes","url":"https:\/\/www.tousarquitectes.com\/ca\/","logo":{"@type":"ImageObject","inLanguage":"ca","@id":"https:\/\/www.tousarquitectes.com\/ca\/#\/schema\/logo\/image\/","url":"https:\/\/www.tousarquitectes.com\/wp-content\/uploads\/2023\/10\/tous_arquitectes_2.png","contentUrl":"https:\/\/www.tousarquitectes.com\/wp-content\/uploads\/2023\/10\/tous_arquitectes_2.png","width":840,"height":130,"caption":"Tous arquitectes"},"image":{"@id":"https:\/\/www.tousarquitectes.com\/ca\/#\/schema\/logo\/image\/"},"sameAs":["https:\/\/es-es.facebook.com\/tousarquitectes\/","https:\/\/www.instagram.com\/tous_arquitectes\/","https:\/\/es.linkedin.com\/in\/joan-tous-gom-camps-a5703a45"]}]}},"_links":{"self":[{"href":"https:\/\/www.tousarquitectes.com\/ca\/wp-json\/wp\/v2\/pages\/1735","targetHints":{"allow":["GET"]}}],"collection":[{"href":"https:\/\/www.tousarquitectes.com\/ca\/wp-json\/wp\/v2\/pages"}],"about":[{"href":"https:\/\/www.tousarquitectes.com\/ca\/wp-json\/wp\/v2\/types\/page"}],"author":[{"embeddable":true,"href":"https:\/\/www.tousarquitectes.com\/ca\/wp-json\/wp\/v2\/users\/2"}],"replies":[{"embeddable":true,"href":"https:\/\/www.tousarquitectes.com\/ca\/wp-json\/wp\/v2\/comments?post=1735"}],"version-history":[{"count":3,"href":"https:\/\/www.tousarquitectes.com\/ca\/wp-json\/wp\/v2\/pages\/1735\/revisions"}],"predecessor-version":[{"id":1738,"href":"https:\/\/www.tousarquitectes.com\/ca\/wp-json\/wp\/v2\/pages\/1735\/revisions\/1738"}],"wp:attachment":[{"href":"https:\/\/www.tousarquitectes.com\/ca\/wp-json\/wp\/v2\/media?parent=1735"}],"curies":[{"name":"wp","href":"https:\/\/api.w.org\/{rel}","templated":true}]}}